{"id":32,"date":"2020-05-24T22:32:16","date_gmt":"2020-05-24T19:32:16","guid":{"rendered":"https:\/\/kliimaekspert.ee\/?page_id=32"},"modified":"2025-07-04T16:59:00","modified_gmt":"2025-07-04T13:59:00","slug":"tooted","status":"publish","type":"page","link":"https:\/\/kliimaekspert.ee\/","title":{"rendered":"Tooted"},"content":{"rendered":"<!-- wp:themify-builder\/canvas \/-->","protected":false},"excerpt":{"rendered":"","protected":false},"author":1,"featured_media":0,"parent":0,"menu_order":0,"comment_status":"closed","ping_status":"closed","template":"","meta":{"_monsterinsights_skip_tracking":false,"_monsterinsights_sitenote_active":false,"_monsterinsights_sitenote_note":"","_monsterinsights_sitenote_category":0,"footnotes":""},"class_list":["post-32","page","type-page","status-publish","hentry","has-post-title","has-post-date","has-post-category","has-post-tag","has-post-comment","has-post-author",""],"builder_content":"<h1 style=\"text-align: left;\">\u00d5hksoojuspumbad<\/h1> <h3 style=\"text-align: left;\">Jahuta ja k\u00fcta \u00f5huga<\/h3>\n<a href=\"#ohkohk\" > Tooted <\/a>\n<h1 style=\"text-align: left;\">\u00d5hk-vesi soojuspumbad<\/h1> <h3 style=\"text-align: left;\">K\u00fcta veega<\/h3>\n<a href=\"#ohkvesi\" > Tooted <\/a>\n<p><a name=\"ohkohk\"><\/a><\/p> <h1 style=\"text-align: center;\">Mitsubishi Electric \u00f5hksoojuspumbad<\/h1>\n<img src=\"https:\/\/kliimaekspert.ee\/wp-content\/uploads\/2020\/06\/MSZ-LN35VG-1024x992-400x400.png\" width=\"400\" height=\"400\" title=\"MSZ LN35VG\" alt=\"MSZ LN35VG\" srcset=\"https:\/\/kliimaekspert.ee\/wp-content\/uploads\/2020\/06\/MSZ-LN35VG-1024x992-400x400.png 400w, https:\/\/kliimaekspert.ee\/wp-content\/uploads\/2020\/06\/MSZ-LN35VG-150x150.png 150w, https:\/\/kliimaekspert.ee\/wp-content\/uploads\/2020\/06\/MSZ-LN35VG-1024x992-500x500.png 500w, https:\/\/kliimaekspert.ee\/wp-content\/uploads\/2020\/06\/MSZ-LN35VG-1024x992-300x300.png 300w, https:\/\/kliimaekspert.ee\/wp-content\/uploads\/2020\/06\/MSZ-LN35VG-1024x992-520x520.png 520w, https:\/\/kliimaekspert.ee\/wp-content\/uploads\/2020\/06\/MSZ-LN35VG-1024x992-600x600.png 600w, https:\/\/kliimaekspert.ee\/wp-content\/uploads\/2020\/06\/MSZ-LN35VG-1024x992-1000x1000.png 1000w, https:\/\/kliimaekspert.ee\/wp-content\/uploads\/2020\/06\/MSZ-LN35VG-1024x992-2000x2000.png 2000w\" sizes=\"(max-width: 400px) 100vw, 400px\" \/>\n<p style=\"text-align: center;\"><strong>\u00a0MSZ-LN<\/strong><\/p>\n<a href=\"https:\/\/kliimaekspert.ee\/wp-content\/uploads\/2020\/06\/MSZ-LN_broshyyr_2018_ME.pdf\" > Rohkem infot <\/a>\n<a href=\"?p=400\" data-zoom-config=\"80%|100%\"> K\u00fcsi pakkumist <\/a>\n<img src=\"https:\/\/kliimaekspert.ee\/wp-content\/uploads\/2025\/07\/msz-rz-side-e1751369191328-1500x1000.webp\" width=\"1500\" height=\"1000\" title=\"msz-rz-side\" alt=\"msz-rz-side\">\n<h4 style=\"text-align: center;\">MSZ-RW<\/h4>\n<a href=\"https:\/\/kliimaekspert.ee\/wp-content\/uploads\/2025\/07\/MSZ-RW_broshyyr_EE.pdf\" > Rohkem infot <\/a>\n<a href=\"?p=235\" data-zoom-config=\"80%|100%\"> K\u00fcsi pakkumist <\/a>\n<img src=\"https:\/\/kliimaekspert.ee\/wp-content\/uploads\/2020\/06\/MSZ-AP35VGK-500x500.png\" height=\"500\" title=\"MSZ AP35VGK\" alt=\"MSZ AP35VGK\" srcset=\"https:\/\/kliimaekspert.ee\/wp-content\/uploads\/2020\/06\/MSZ-AP35VGK.png 500w, https:\/\/kliimaekspert.ee\/wp-content\/uploads\/2020\/06\/MSZ-AP35VGK-300x300.png 300w, https:\/\/kliimaekspert.ee\/wp-content\/uploads\/2020\/06\/MSZ-AP35VGK-150x150.png 150w\" sizes=\"(max-width: 500px) 100vw, 500px\" \/>\n<h4 style=\"text-align: center;\">MSZ-AP<\/h4>\n<a href=\"https:\/\/kliimaekspert.ee\/wp-content\/uploads\/2020\/06\/MSZ-AP_broshyyr_ME_2018.pdf\" > Rohkem infot <\/a>\n<a href=\"?p=383\" data-zoom-config=\"80%|100%\"> K\u00fcsi pakkumist <\/a>\n<img src=\"https:\/\/kliimaekspert.ee\/wp-content\/uploads\/2025\/07\/MSZ_EF-500x400.jpg\" width=\"500\" height=\"400\" title=\"MSZ_EF\" alt=\"MSZ_EF\">\n<h4 style=\"text-align: center;\">MSZ-EF<\/h4>\n<a href=\"https:\/\/kliimaekspert.ee\/wp-content\/uploads\/2025\/07\/MSZ-EF_EE.pdf\" > Rohkem infot <\/a>\n<a href=\"?p=315\" data-zoom-config=\"80%|100%\"> K\u00fcsi pakkumist <\/a>\n<img src=\"https:\/\/kliimaekspert.ee\/wp-content\/uploads\/2025\/07\/MLZ_KP-1046x600.jpg\" height=\"600\" title=\"MLZ_KP\" alt=\"MLZ_KP\" srcset=\"https:\/\/kliimaekspert.ee\/wp-content\/uploads\/2025\/07\/MLZ_KP-1046x600.jpg 1046w, https:\/\/kliimaekspert.ee\/wp-content\/uploads\/2025\/07\/MLZ_KP-300x172.jpg 300w, https:\/\/kliimaekspert.ee\/wp-content\/uploads\/2025\/07\/MLZ_KP-768x440.jpg 768w, https:\/\/kliimaekspert.ee\/wp-content\/uploads\/2025\/07\/MLZ_KP-872x500.jpg 872w, https:\/\/kliimaekspert.ee\/wp-content\/uploads\/2025\/07\/MLZ_KP-1160x665.jpg 1160w, https:\/\/kliimaekspert.ee\/wp-content\/uploads\/2025\/07\/MLZ_KP.jpg 853w\" sizes=\"(max-width: 1046px) 100vw, 1046px\" \/>\n<h4 style=\"text-align: center;\">Laekassett - MLZ-KP<\/h4>\n<a href=\"https:\/\/kliimaekspert.ee\/wp-content\/uploads\/2025\/07\/MLZ-KP_tooteleht_EE.pdf\" > Rohkem infot <\/a>\n<a href=\"https:\/\/kliimaekspert.ee\/?p=708\" data-zoom-config=\"80%|100%\"> K\u00fcsi pakkumist <\/a>\n<img src=\"https:\/\/kliimaekspert.ee\/wp-content\/uploads\/2025\/07\/SLZ-M-Ohksoojuspump-Laekassett.png\" title=\"SLZ-M-O\u0303hksoojuspump-Laekassett\" alt=\"SLZ-M-O\u0303hksoojuspump-Laekassett\" srcset=\"https:\/\/kliimaekspert.ee\/wp-content\/uploads\/2025\/07\/SLZ-M-Ohksoojuspump-Laekassett.png 1000w, https:\/\/kliimaekspert.ee\/wp-content\/uploads\/2025\/07\/SLZ-M-Ohksoojuspump-Laekassett-300x300.png 300w, https:\/\/kliimaekspert.ee\/wp-content\/uploads\/2025\/07\/SLZ-M-Ohksoojuspump-Laekassett-150x150.png 150w, https:\/\/kliimaekspert.ee\/wp-content\/uploads\/2025\/07\/SLZ-M-Ohksoojuspump-Laekassett-768x768.png 768w, https:\/\/kliimaekspert.ee\/wp-content\/uploads\/2025\/07\/SLZ-M-Ohksoojuspump-Laekassett-500x500.png 500w\" sizes=\"(max-width: 1000px) 100vw, 1000px\" \/>\n<h4 style=\"text-align: center;\">Laekassett - SLZ-M<\/h4>\n<a href=\"https:\/\/kliimaekspert.ee\/wp-content\/uploads\/2025\/07\/SLZ-M_tooteleht_2020_EE.pdf\" > Rohkem infot <\/a>\n<a href=\"https:\/\/kliimaekspert.ee\/?p=771\" data-zoom-config=\"80%|100%\"> K\u00fcsi pakkumist <\/a>\n<h3 style=\"text-align: center;\">\u00d5hk-\u00f5hk soojuspump koosneb \u00fchest v\u00e4lisosast ning \u00fchest v\u00f5i mitmest siseosast. V\u00e4lis\u00f5hust ammutatud soojusenergia juhitakse hoones asuvasse siseosasse. Siseosast juhitakse ventilaatori abil soojusenergia ruumi\u00f5hku.<\/h3> <p style=\"text-align: center;\">\u00a0<\/p>\n<p><a name=\"ohkvesi\"><\/a><\/p> <h1 style=\"text-align: center;\">Mitsubishi Electric \u00f5hk-vesi-soojuspumbad<\/h1>\n<img src=\"https:\/\/kliimaekspert.ee\/wp-content\/uploads\/2020\/06\/ecodanC.jpg\" title=\"ecodanC\" alt=\"ecodanC\" srcset=\"https:\/\/kliimaekspert.ee\/wp-content\/uploads\/2020\/06\/ecodanC.jpg 500w, https:\/\/kliimaekspert.ee\/wp-content\/uploads\/2020\/06\/ecodanC-300x294.jpg 300w\" sizes=\"(max-width: 500px) 100vw, 500px\" \/>\n<h4 style=\"text-align: center;\">Ecodan E<\/h4>\n<a href=\"https:\/\/kliimaekspert.ee\/wp-content\/uploads\/2025\/07\/Ecodan-E-Gen_broshyyr_2025.pdf\" > Rohkem infot <\/a>\n<a href=\"?p=407\" data-zoom-config=\"80%|100%\"> K\u00fcsi pakkumist <\/a>","_links":{"self":[{"href":"https:\/\/kliimaekspert.ee\/index.php?rest_route=\/wp\/v2\/pages\/32","targetHints":{"allow":["GET"]}}],"collection":[{"href":"https:\/\/kliimaekspert.ee\/index.php?rest_route=\/wp\/v2\/pages"}],"about":[{"href":"https:\/\/kliimaekspert.ee\/index.php?rest_route=\/wp\/v2\/types\/page"}],"author":[{"embeddable":true,"href":"https:\/\/kliimaekspert.ee\/index.php?rest_route=\/wp\/v2\/users\/1"}],"replies":[{"embeddable":true,"href":"https:\/\/kliimaekspert.ee\/index.php?rest_route=%2Fwp%2Fv2%2Fcomments&post=32"}],"version-history":[{"count":400,"href":"https:\/\/kliimaekspert.ee\/index.php?rest_route=\/wp\/v2\/pages\/32\/revisions"}],"predecessor-version":[{"id":819,"href":"https:\/\/kliimaekspert.ee\/index.php?rest_route=\/wp\/v2\/pages\/32\/revisions\/819"}],"wp:attachment":[{"href":"https:\/\/kliimaekspert.ee\/index.php?rest_route=%2Fwp%2Fv2%2Fmedia&parent=32"}],"curies":[{"name":"wp","href":"https:\/\/api.w.org\/{rel}","templated":true}]}}