{"id":36,"date":"2020-05-24T22:34:11","date_gmt":"2020-05-24T19:34:11","guid":{"rendered":"https:\/\/kliimaekspert.ee\/?page_id=36"},"modified":"2020-05-28T15:46:44","modified_gmt":"2020-05-28T12:46:44","slug":"tegevusalad","status":"publish","type":"page","link":"https:\/\/kliimaekspert.ee\/?page_id=36","title":{"rendered":"Tegevusalad"},"content":{"rendered":"\n<p><strong>TEGEVUSALAD<\/strong><\/p>\n\n\n\n<ul class=\"wp-block-list\"><li>\u00d5hksoojuspumbad ja k\u00fcttes\u00fcsteemid<\/li><li>Kliimaseadmed<\/li><li>Ventilatsiooniagregaadid<\/li><li>Maak\u00fcte<\/li><\/ul>\n","protected":false},"excerpt":{"rendered":"<p>TEGEVUSALAD \u00d5hksoojuspumbad ja k\u00fcttes\u00fcsteemid Kliimaseadmed Ventilatsiooniagregaadid Maak\u00fcte<\/p>\n","protected":false},"author":1,"featured_media":0,"parent":0,"menu_order":0,"comment_status":"closed","ping_status":"closed","template":"","meta":{"_monsterinsights_skip_tracking":false,"_monsterinsights_sitenote_active":false,"_monsterinsights_sitenote_note":"","_monsterinsights_sitenote_category":0,"footnotes":""},"class_list":["post-36","page","type-page","status-publish","hentry","has-post-title","has-post-date","has-post-category","has-post-tag","has-post-comment","has-post-author",""],"builder_content":"","_links":{"self":[{"href":"https:\/\/kliimaekspert.ee\/index.php?rest_route=\/wp\/v2\/pages\/36","targetHints":{"allow":["GET"]}}],"collection":[{"href":"https:\/\/kliimaekspert.ee\/index.php?rest_route=\/wp\/v2\/pages"}],"about":[{"href":"https:\/\/kliimaekspert.ee\/index.php?rest_route=\/wp\/v2\/types\/page"}],"author":[{"embeddable":true,"href":"https:\/\/kliimaekspert.ee\/index.php?rest_route=\/wp\/v2\/users\/1"}],"replies":[{"embeddable":true,"href":"https:\/\/kliimaekspert.ee\/index.php?rest_route=%2Fwp%2Fv2%2Fcomments&post=36"}],"version-history":[{"count":2,"href":"https:\/\/kliimaekspert.ee\/index.php?rest_route=\/wp\/v2\/pages\/36\/revisions"}],"predecessor-version":[{"id":103,"href":"https:\/\/kliimaekspert.ee\/index.php?rest_route=\/wp\/v2\/pages\/36\/revisions\/103"}],"wp:attachment":[{"href":"https:\/\/kliimaekspert.ee\/index.php?rest_route=%2Fwp%2Fv2%2Fmedia&parent=36"}],"curies":[{"name":"wp","href":"https:\/\/api.w.org\/{rel}","templated":true}]}}