{"id":45,"date":"2020-05-24T22:47:33","date_gmt":"2020-05-24T19:47:33","guid":{"rendered":"https:\/\/kliimaekspert.ee\/?page_id=45"},"modified":"2020-05-24T22:47:33","modified_gmt":"2020-05-24T19:47:33","slug":"ou-kliimaekspert","status":"publish","type":"page","link":"https:\/\/kliimaekspert.ee\/?page_id=45","title":{"rendered":"O\u00dc Kliimaekspert"},"content":{"rendered":"\n<p>O\u00dc Kliimaekspert alustas oma tegevust 2006. aasta jaanuaris. Firma peamisteks tegevusaladeks on kliimaseadmete, \u00f5hksoojuspumpade ja ventilatsiooni seadmete projekteerimine, m\u00fc\u00fck, paigaldus ning hooldus.<\/p>\n","protected":false},"excerpt":{"rendered":"<p>O\u00dc Kliimaekspert alustas oma tegevust 2006. aasta jaanuaris. Firma peamisteks tegevusaladeks on kliimaseadmete, \u00f5hksoojuspumpade ja ventilatsiooni seadmete projekteerimine, m\u00fc\u00fck, paigaldus ning hooldus.<\/p>\n","protected":false},"author":1,"featured_media":0,"parent":0,"menu_order":0,"comment_status":"closed","ping_status":"closed","template":"","meta":{"_monsterinsights_skip_tracking":false,"_monsterinsights_sitenote_active":false,"_monsterinsights_sitenote_note":"","_monsterinsights_sitenote_category":0,"footnotes":""},"class_list":["post-45","page","type-page","status-publish","hentry","has-post-title","has-post-date","has-post-category","has-post-tag","has-post-comment","has-post-author",""],"builder_content":"","_links":{"self":[{"href":"https:\/\/kliimaekspert.ee\/index.php?rest_route=\/wp\/v2\/pages\/45","targetHints":{"allow":["GET"]}}],"collection":[{"href":"https:\/\/kliimaekspert.ee\/index.php?rest_route=\/wp\/v2\/pages"}],"about":[{"href":"https:\/\/kliimaekspert.ee\/index.php?rest_route=\/wp\/v2\/types\/page"}],"author":[{"embeddable":true,"href":"https:\/\/kliimaekspert.ee\/index.php?rest_route=\/wp\/v2\/users\/1"}],"replies":[{"embeddable":true,"href":"https:\/\/kliimaekspert.ee\/index.php?rest_route=%2Fwp%2Fv2%2Fcomments&post=45"}],"version-history":[{"count":1,"href":"https:\/\/kliimaekspert.ee\/index.php?rest_route=\/wp\/v2\/pages\/45\/revisions"}],"predecessor-version":[{"id":46,"href":"https:\/\/kliimaekspert.ee\/index.php?rest_route=\/wp\/v2\/pages\/45\/revisions\/46"}],"wp:attachment":[{"href":"https:\/\/kliimaekspert.ee\/index.php?rest_route=%2Fwp%2Fv2%2Fmedia&parent=45"}],"curies":[{"name":"wp","href":"https:\/\/api.w.org\/{rel}","templated":true}]}}